{"id":13165,"date":"2025-10-05T20:04:44","date_gmt":"2025-10-05T18:04:44","guid":{"rendered":"https:\/\/www.dentalexperts.ro\/?post_type=product&#038;p=13165"},"modified":"2025-10-06T14:08:23","modified_gmt":"2025-10-06T12:08:23","slug":"cbct","status":"publish","type":"product","link":"https:\/\/www.dentalexperts.ro\/en\/produs\/cbct\/","title":{"rendered":"CBCT"},"content":{"rendered":"","protected":false},"excerpt":{"rendered":"","protected":false},"featured_media":13172,"comment_status":"closed","ping_status":"closed","template":"","meta":[],"product_brand":[],"product_cat":[],"product_tag":[],"class_list":{"0":"post-13165","1":"product","2":"type-product","3":"status-publish","4":"has-post-thumbnail","7":"first","8":"instock","9":"shipping-taxable","10":"product-type-simple"},"yoast_head":"<!-- This site is optimized with the Yoast SEO plugin v27.4 - https:\/\/yoast.com\/product\/yoast-seo-wordpress\/ -->\n<title>CBCT<\/title>\n<meta name=\"robots\" content=\"index, follow, max-snippet:-1, max-image-preview:large, max-video-preview:-1\" \/>\n<link rel=\"canonical\" href=\"https:\/\/www.dentalexperts.ro\/en\/produs\/cbct\/\" \/>\n<meta property=\"og:locale\" content=\"en_US\" \/>\n<meta property=\"og:locale:alternate\" content=\"ro_RO\" \/>\n<meta property=\"og:type\" content=\"article\" \/>\n<meta property=\"og:title\" content=\"CBCT\" \/>\n<meta property=\"og:url\" content=\"https:\/\/www.dentalexperts.ro\/en\/produs\/cbct\/\" \/>\n<meta property=\"og:site_name\" content=\"Dental Experts - Clinica Dentar\u0103 Prof. Dr. Bratu\" \/>\n<meta property=\"article:publisher\" content=\"https:\/\/www.facebook.com\/clinica.dental.experts\/\" \/>\n<meta property=\"article:modified_time\" content=\"2025-10-06T12:08:23+00:00\" \/>\n<meta name=\"twitter:card\" content=\"summary_large_image\" \/>\n<meta name=\"twitter:label1\" content=\"Est. reading time\" \/>\n\t<meta name=\"twitter:data1\" content=\"1 minute\" \/>\n<script type=\"application\/ld+json\" class=\"yoast-schema-graph\">{\"@context\":\"https:\\\/\\\/schema.org\",\"@graph\":[{\"@type\":\"WebPage\",\"@id\":\"https:\\\/\\\/www.dentalexperts.ro\\\/produs\\\/cbct\\\/\",\"url\":\"https:\\\/\\\/www.dentalexperts.ro\\\/produs\\\/cbct\\\/\",\"name\":\"CBCT\",\"isPartOf\":{\"@id\":\"https:\\\/\\\/www.dentalexperts.ro\\\/#website\"},\"primaryImageOfPage\":{\"@id\":\"https:\\\/\\\/www.dentalexperts.ro\\\/produs\\\/cbct\\\/#primaryimage\"},\"image\":{\"@id\":\"https:\\\/\\\/www.dentalexperts.ro\\\/produs\\\/cbct\\\/#primaryimage\"},\"thumbnailUrl\":\"https:\\\/\\\/www.dentalexperts.ro\\\/wp-content\\\/uploads\\\/2025\\\/10\\\/radiografie-panoramica.webp\",\"datePublished\":\"2025-10-05T18:04:44+00:00\",\"dateModified\":\"2025-10-06T12:08:23+00:00\",\"breadcrumb\":{\"@id\":\"https:\\\/\\\/www.dentalexperts.ro\\\/produs\\\/cbct\\\/#breadcrumb\"},\"inLanguage\":\"en-US\",\"potentialAction\":[{\"@type\":\"ReadAction\",\"target\":[\"https:\\\/\\\/www.dentalexperts.ro\\\/produs\\\/cbct\\\/\"]}]},{\"@type\":\"ImageObject\",\"inLanguage\":\"en-US\",\"@id\":\"https:\\\/\\\/www.dentalexperts.ro\\\/produs\\\/cbct\\\/#primaryimage\",\"url\":\"https:\\\/\\\/www.dentalexperts.ro\\\/wp-content\\\/uploads\\\/2025\\\/10\\\/radiografie-panoramica.webp\",\"contentUrl\":\"https:\\\/\\\/www.dentalexperts.ro\\\/wp-content\\\/uploads\\\/2025\\\/10\\\/radiografie-panoramica.webp\",\"width\":500,\"height\":500},{\"@type\":\"BreadcrumbList\",\"@id\":\"https:\\\/\\\/www.dentalexperts.ro\\\/produs\\\/cbct\\\/#breadcrumb\",\"itemListElement\":[{\"@type\":\"ListItem\",\"position\":1,\"name\":\"Home\",\"item\":\"https:\\\/\\\/www.dentalexperts.ro\\\/\"},{\"@type\":\"ListItem\",\"position\":2,\"name\":\"Magazin\",\"item\":\"https:\\\/\\\/www.dentalexperts.ro\\\/magazin\\\/\"},{\"@type\":\"ListItem\",\"position\":3,\"name\":\"CBCT\"}]},{\"@type\":\"WebSite\",\"@id\":\"https:\\\/\\\/www.dentalexperts.ro\\\/#website\",\"url\":\"https:\\\/\\\/www.dentalexperts.ro\\\/\",\"name\":\"Dental Experts - Clinica Dentar\u0103 Prof. Dr. Bratu\",\"description\":\"Servicii complete stomatologice - Marc\u0103 \u00eenregistrat\u0103 la OSIM\",\"publisher\":{\"@id\":\"https:\\\/\\\/www.dentalexperts.ro\\\/#organization\"},\"alternateName\":\"Dental Experts\",\"potentialAction\":[{\"@type\":\"SearchAction\",\"target\":{\"@type\":\"EntryPoint\",\"urlTemplate\":\"https:\\\/\\\/www.dentalexperts.ro\\\/?s={search_term_string}\"},\"query-input\":{\"@type\":\"PropertyValueSpecification\",\"valueRequired\":true,\"valueName\":\"search_term_string\"}}],\"inLanguage\":\"en-US\"},{\"@type\":\"Organization\",\"@id\":\"https:\\\/\\\/www.dentalexperts.ro\\\/#organization\",\"name\":\"Dental Experts - Clinica Dentar\u0103 Prof. Dr. Bratu\",\"alternateName\":\"Dental Experts\",\"url\":\"https:\\\/\\\/www.dentalexperts.ro\\\/\",\"logo\":{\"@type\":\"ImageObject\",\"inLanguage\":\"en-US\",\"@id\":\"https:\\\/\\\/www.dentalexperts.ro\\\/#\\\/schema\\\/logo\\\/image\\\/\",\"url\":\"https:\\\/\\\/www.dentalexperts.ro\\\/wp-content\\\/uploads\\\/2022\\\/09\\\/logo-svg.svg\",\"contentUrl\":\"https:\\\/\\\/www.dentalexperts.ro\\\/wp-content\\\/uploads\\\/2022\\\/09\\\/logo-svg.svg\",\"width\":322,\"height\":32,\"caption\":\"Dental Experts - Clinica Dentar\u0103 Prof. Dr. Bratu\"},\"image\":{\"@id\":\"https:\\\/\\\/www.dentalexperts.ro\\\/#\\\/schema\\\/logo\\\/image\\\/\"},\"sameAs\":[\"https:\\\/\\\/www.facebook.com\\\/clinica.dental.experts\\\/\"]}]}<\/script>\n<!-- \/ Yoast SEO plugin. -->","yoast_head_json":{"title":"CBCT","robots":{"index":"index","follow":"follow","max-snippet":"max-snippet:-1","max-image-preview":"max-image-preview:large","max-video-preview":"max-video-preview:-1"},"canonical":"https:\/\/www.dentalexperts.ro\/en\/produs\/cbct\/","og_locale":"en_US","og_type":"article","og_title":"[:ro]CBCT[:] - Dental Experts - Clinica Dentar\u0103 Prof. Dr. Bratu","og_url":"https:\/\/www.dentalexperts.ro\/en\/produs\/cbct\/","og_site_name":"Dental Experts - Clinica Dentar\u0103 Prof. Dr. Bratu","article_publisher":"https:\/\/www.facebook.com\/clinica.dental.experts\/","article_modified_time":"2025-10-06T12:08:23+00:00","twitter_card":"summary_large_image","twitter_misc":{"Est. reading time":"1 minute"},"schema":{"@context":"https:\/\/schema.org","@graph":[{"@type":"WebPage","@id":"https:\/\/www.dentalexperts.ro\/produs\/cbct\/","url":"https:\/\/www.dentalexperts.ro\/produs\/cbct\/","name":"CBCT","isPartOf":{"@id":"https:\/\/www.dentalexperts.ro\/#website"},"primaryImageOfPage":{"@id":"https:\/\/www.dentalexperts.ro\/produs\/cbct\/#primaryimage"},"image":{"@id":"https:\/\/www.dentalexperts.ro\/produs\/cbct\/#primaryimage"},"thumbnailUrl":"https:\/\/www.dentalexperts.ro\/wp-content\/uploads\/2025\/10\/radiografie-panoramica.webp","datePublished":"2025-10-05T18:04:44+00:00","dateModified":"2025-10-06T12:08:23+00:00","breadcrumb":{"@id":"https:\/\/www.dentalexperts.ro\/produs\/cbct\/#breadcrumb"},"inLanguage":"en-US","potentialAction":[{"@type":"ReadAction","target":["https:\/\/www.dentalexperts.ro\/produs\/cbct\/"]}]},{"@type":"ImageObject","inLanguage":"en-US","@id":"https:\/\/www.dentalexperts.ro\/produs\/cbct\/#primaryimage","url":"https:\/\/www.dentalexperts.ro\/wp-content\/uploads\/2025\/10\/radiografie-panoramica.webp","contentUrl":"https:\/\/www.dentalexperts.ro\/wp-content\/uploads\/2025\/10\/radiografie-panoramica.webp","width":500,"height":500},{"@type":"BreadcrumbList","@id":"https:\/\/www.dentalexperts.ro\/produs\/cbct\/#breadcrumb","itemListElement":[{"@type":"ListItem","position":1,"name":"Home","item":"https:\/\/www.dentalexperts.ro\/"},{"@type":"ListItem","position":2,"name":"Magazin","item":"https:\/\/www.dentalexperts.ro\/magazin\/"},{"@type":"ListItem","position":3,"name":"CBCT"}]},{"@type":"WebSite","@id":"https:\/\/www.dentalexperts.ro\/#website","url":"https:\/\/www.dentalexperts.ro\/","name":"Dental Experts - Clinica Dentar\u0103 Prof. Dr. Bratu","description":"Servicii complete stomatologice - Marc\u0103 \u00eenregistrat\u0103 la OSIM","publisher":{"@id":"https:\/\/www.dentalexperts.ro\/#organization"},"alternateName":"Dental Experts","potentialAction":[{"@type":"SearchAction","target":{"@type":"EntryPoint","urlTemplate":"https:\/\/www.dentalexperts.ro\/?s={search_term_string}"},"query-input":{"@type":"PropertyValueSpecification","valueRequired":true,"valueName":"search_term_string"}}],"inLanguage":"en-US"},{"@type":"Organization","@id":"https:\/\/www.dentalexperts.ro\/#organization","name":"Dental Experts - Clinica Dentar\u0103 Prof. Dr. Bratu","alternateName":"Dental Experts","url":"https:\/\/www.dentalexperts.ro\/","logo":{"@type":"ImageObject","inLanguage":"en-US","@id":"https:\/\/www.dentalexperts.ro\/#\/schema\/logo\/image\/","url":"https:\/\/www.dentalexperts.ro\/wp-content\/uploads\/2022\/09\/logo-svg.svg","contentUrl":"https:\/\/www.dentalexperts.ro\/wp-content\/uploads\/2022\/09\/logo-svg.svg","width":322,"height":32,"caption":"Dental Experts - Clinica Dentar\u0103 Prof. Dr. Bratu"},"image":{"@id":"https:\/\/www.dentalexperts.ro\/#\/schema\/logo\/image\/"},"sameAs":["https:\/\/www.facebook.com\/clinica.dental.experts\/"]}]}},"jetpack_sharing_enabled":true,"_links":{"self":[{"href":"https:\/\/www.dentalexperts.ro\/en\/wp-json\/wp\/v2\/product\/13165","targetHints":{"allow":["GET"]}}],"collection":[{"href":"https:\/\/www.dentalexperts.ro\/en\/wp-json\/wp\/v2\/product"}],"about":[{"href":"https:\/\/www.dentalexperts.ro\/en\/wp-json\/wp\/v2\/types\/product"}],"replies":[{"embeddable":true,"href":"https:\/\/www.dentalexperts.ro\/en\/wp-json\/wp\/v2\/comments?post=13165"}],"wp:featuredmedia":[{"embeddable":true,"href":"https:\/\/www.dentalexperts.ro\/en\/wp-json\/wp\/v2\/media\/13172"}],"wp:attachment":[{"href":"https:\/\/www.dentalexperts.ro\/en\/wp-json\/wp\/v2\/media?parent=13165"}],"wp:term":[{"taxonomy":"product_brand","embeddable":true,"href":"https:\/\/www.dentalexperts.ro\/en\/wp-json\/wp\/v2\/product_brand?post=13165"},{"taxonomy":"product_cat","embeddable":true,"href":"https:\/\/www.dentalexperts.ro\/en\/wp-json\/wp\/v2\/product_cat?post=13165"},{"taxonomy":"product_tag","embeddable":true,"href":"https:\/\/www.dentalexperts.ro\/en\/wp-json\/wp\/v2\/product_tag?post=13165"}],"curies":[{"name":"wp","href":"https:\/\/api.w.org\/{rel}","templated":true}]}}